{"id":17,"date":"2020-09-17T22:07:49","date_gmt":"2020-09-18T01:07:49","guid":{"rendered":"https:\/\/ahui.cl\/?page_id=17"},"modified":"2024-01-18T09:13:26","modified_gmt":"2024-01-18T12:13:26","slug":"nosotros","status":"publish","type":"page","link":"https:\/\/ahui.cl\/en\/nosotros\/","title":{"rendered":"About us"},"content":{"rendered":"<h1>\n\t\t\t\tAbout the business\n\t\t\t<\/h1>\n\t\t\t<p>+<\/p>\t\n\t<p>It was founded by the del R\u00edo Arteaga family in October, 2016 as part of their strategy to diversify their investments. They decided to invest in food production, particularly of nuts (walnuts and pistachios) and fresh fruit for exportation (cherries) as forms of diversification. To pursue this objective they searched for zones in Chile that present competitive advantages for fruit and nut production, principally for the quality of the produce, as well as the counter-season production respective to fruit producing countries in the Northern Hemisphere.<\/p>\n<p>At the end of 2016 the first property, named \u201cFundo Casas de Puange\u201d (165 hectares) was purchased, and two fields during 2017, called \u201cFundo Puertas Coloradas\u201d (64 hectares) and \u201cFundo La Vega\u201d (89 hectares). During 2019,  42 hectares were added to \u201cFundo Puertas Coloradas\u201d. At the start of 2020 \u201cFundo Ramadilla\u201d (128 hectares), located in the municipality of Alto del Carmen (region of Atacama) was added, such that Agr\u00edcola Huillinco currently possesses 488 hectares in total.<\/p>\n\t\t\t\t\t\t\t<p>2016<\/p>\n\t\t\t\t\t\t\t<p><strong>165 ha<\/strong> Casas de Puangue<\/p>\t\t\t\t\t\t\t\t\t\t\t\t\t\n\t\t\t\t\t\t\t<p>2017<\/p>\n\t\t\t\t\t\t\t<p><strong>64 ha<\/strong> Puertas Coloradas<br \/><strong>89 ha<\/strong> La Vega<\/p>\t\t\t\t\t\t\t\t\t\t\t\t\t\n\t\t\t\t\t\t\t<p>2019<\/p>\n\t\t\t\t\t\t\t<p><strong>+42(106) ha<\/strong> Puertas Coloradas<\/p>\n\t\t\t\t\t\t\t<p>2020<\/p>\n\t\t\t\t\t\t\t<p><strong>128 ha<\/strong> Ramadilla<\/p>\t\t\t\t\t\t\t\t\t\t\t\t\t\n\t<p>488 total areas<\/p>\n<h4>\n\t\tFARMS\n\t<\/h4>\n<h4>\n\t\tSPECIES\n\t<\/h4>\n<h4>\n\t\tAREAS\n\t<\/h4>\n\t\t\t\t<a href=\"https:\/\/ahui.cl\/en\/los-campos\/casas-de-puangue\/\" target=\"_self\" itemprop=\"url\" rel=\"noopener\">\n\t\t\t\t<img loading=\"lazy\" src=\"https:\/\/ahui.cl\/wp-content\/uploads\/2020\/09\/location-image.svg\" alt=\"location-image\" itemprop=\"image\" height=\"157\" width=\"108\" title=\"location-image\" onerror=\"this.style.display='none'\"  \/>\n\t\t\t\t<\/a>\n\t<a href=\"https:\/\/ahui.cl\/en\/los-campos\/casas-de-puangue\/\">Casas de<br \/>\nPuangue <\/a>\n\t\t\t\t<img loading=\"lazy\" src=\"https:\/\/ahui.cl\/wp-content\/uploads\/2020\/09\/nogal-image.svg\" alt=\"Nuez\" itemprop=\"image\" height=\"151\" width=\"172\" title=\"nogal-image\" onerror=\"this.style.display='none'\"  \/>\n\t<p>Walnuts<\/p>\n\t\t\t\t<img loading=\"lazy\" src=\"https:\/\/ahui.cl\/wp-content\/uploads\/2020\/09\/Hectare-img.svg\" alt=\"146,74\" itemprop=\"image\" height=\"150\" width=\"117\" title=\"Hectare-img\" onerror=\"this.style.display='none'\"  \/>\n\t<p>147 ha<\/p>\n\t\t\t\t<a href=\"https:\/\/ahui.cl\/en\/los-campos\/puertas-coloradas\/\" target=\"_self\" itemprop=\"url\" rel=\"noopener\">\n\t\t\t\t<img loading=\"lazy\" src=\"https:\/\/ahui.cl\/wp-content\/uploads\/2020\/09\/location-image.svg\" alt=\"location-image\" itemprop=\"image\" height=\"157\" width=\"108\" title=\"location-image\" onerror=\"this.style.display='none'\"  \/>\n\t\t\t\t<\/a>\n\t<p><a href=\"https:\/\/ahui.cl\/en\/los-campos\/puertas-coloradas\/\">Puertas <br \/> Coloradas<\/a><\/p>\n\t\t\t\t<img loading=\"lazy\" src=\"https:\/\/ahui.cl\/wp-content\/uploads\/2020\/09\/nogal-image.svg\" alt=\"Nuez\" itemprop=\"image\" height=\"151\" width=\"172\" title=\"nogal-image\" onerror=\"this.style.display='none'\"  \/>\n\t<p>Walnuts<\/p>\n\t\t\t\t<img loading=\"lazy\" src=\"https:\/\/ahui.cl\/wp-content\/uploads\/2020\/09\/cherrys-img.svg\" alt=\"cherrys-img\" itemprop=\"image\" height=\"150\" width=\"112\" title=\"cherrys-img\" onerror=\"this.style.display='none'\"  \/>\n\t<p>Cherries<\/p>\n\t\t\t\t<img loading=\"lazy\" src=\"https:\/\/ahui.cl\/wp-content\/uploads\/2020\/09\/Hectare-img.svg\" alt=\"146,74\" itemprop=\"image\" height=\"150\" width=\"117\" title=\"Hectare-img\" onerror=\"this.style.display='none'\"  \/>\n\t<p>55 ha<\/p>\n\t\t\t\t<img loading=\"lazy\" src=\"https:\/\/ahui.cl\/wp-content\/uploads\/2020\/09\/Hectare-img.svg\" alt=\"146,74\" itemprop=\"image\" height=\"150\" width=\"117\" title=\"Hectare-img\" onerror=\"this.style.display='none'\"  \/>\n\t<p>36 ha<\/p>\n\t\t\t\t<a href=\"https:\/\/ahui.cl\/en\/los-campos\/la-vega\/\" target=\"_self\" itemprop=\"url\" rel=\"noopener\">\n\t\t\t\t<img loading=\"lazy\" src=\"https:\/\/ahui.cl\/wp-content\/uploads\/2020\/09\/location-image.svg\" alt=\"location-image\" itemprop=\"image\" height=\"157\" width=\"108\" title=\"location-image\" onerror=\"this.style.display='none'\"  \/>\n\t\t\t\t<\/a>\n\t<p><a href=\"https:\/\/ahui.cl\/en\/los-campos\/la-vega\/\">La Vega<\/a><\/p>\n\t\t\t\t<img loading=\"lazy\" src=\"https:\/\/ahui.cl\/wp-content\/uploads\/2020\/09\/nogal-image.svg\" alt=\"Nuez\" itemprop=\"image\" height=\"151\" width=\"172\" title=\"nogal-image\" onerror=\"this.style.display='none'\"  \/>\n\t<p>Walnuts<\/p>\n\t\t\t\t<img loading=\"lazy\" src=\"https:\/\/ahui.cl\/wp-content\/uploads\/2020\/09\/pistachos-img.svg\" alt=\"pistachos-img\" itemprop=\"image\" height=\"139\" width=\"148\" title=\"pistachos-img\" onerror=\"this.style.display='none'\"  \/>\n\t<p>Pistachios<\/p>\n\t\t\t\t<img loading=\"lazy\" src=\"https:\/\/ahui.cl\/wp-content\/uploads\/2020\/09\/Hectare-img.svg\" alt=\"146,74\" itemprop=\"image\" height=\"150\" width=\"117\" title=\"Hectare-img\" onerror=\"this.style.display='none'\"  \/>\n\t<p>48 ha<\/p>\n\t\t\t\t<img loading=\"lazy\" src=\"https:\/\/ahui.cl\/wp-content\/uploads\/2020\/09\/Hectare-img.svg\" alt=\"146,74\" itemprop=\"image\" height=\"150\" width=\"117\" title=\"Hectare-img\" onerror=\"this.style.display='none'\"  \/>\n\t<p>30 ha<\/p>\n\t\t\t\t<a href=\"https:\/\/ahui.cl\/en\/los-campos\/ramadilla\/\" target=\"_self\" itemprop=\"url\" rel=\"noopener\">\n\t\t\t\t<img loading=\"lazy\" src=\"https:\/\/ahui.cl\/wp-content\/uploads\/2020\/09\/location-image.svg\" alt=\"location-image\" itemprop=\"image\" height=\"157\" width=\"108\" title=\"location-image\" onerror=\"this.style.display='none'\"  \/>\n\t\t\t\t<\/a>\n\t<p><a href=\"https:\/\/ahui.cl\/en\/los-campos\/ramadilla\/\">Ramadilla<\/a><\/p>\n\t\t\t\t<img loading=\"lazy\" src=\"https:\/\/ahui.cl\/wp-content\/uploads\/2020\/09\/clementinas-img.svg\" alt=\"clementinas-img\" itemprop=\"image\" height=\"300\" width=\"272\" title=\"clementinas-img\" onerror=\"this.style.display='none'\"  \/>\n\t<p>Clementines<\/p>\n\t\t\t\t<img loading=\"lazy\" src=\"https:\/\/ahui.cl\/wp-content\/uploads\/2020\/09\/naranjas-img.svg\" alt=\"naranjas-img\" itemprop=\"image\" height=\"300\" width=\"288\" title=\"naranjas-img\" onerror=\"this.style.display='none'\"  \/>\n\t<p>Oranges<\/p>\n\t\t\t\t<img loading=\"lazy\" src=\"https:\/\/ahui.cl\/wp-content\/uploads\/2020\/09\/Hectare-img.svg\" alt=\"146,74\" itemprop=\"image\" height=\"150\" width=\"117\" title=\"Hectare-img\" onerror=\"this.style.display='none'\"  \/>\n\t<p>75 ha<\/p>\n\t\t\t\t<img loading=\"lazy\" src=\"https:\/\/ahui.cl\/wp-content\/uploads\/2020\/09\/Hectare-img.svg\" alt=\"146,74\" itemprop=\"image\" height=\"150\" width=\"117\" title=\"Hectare-img\" onerror=\"this.style.display='none'\"  \/>\n\t<p>25 ha<\/p>\n\t<h1>\n\t\t\t\tOur Purpose\n\t\t\t<\/h1>\n\t\t\t<p>+<\/p>\t\n\t<p class=\" translation-block\">Produce healthy food for thousands of people in diverse parts of the world, enabling a healthy \n<br \/>\nand happy life, always hand-in-hand with the well-being of all our collaborators and the <br \/>\ncommunity, and with respect for the environment. Generate products with a low water and \n<br \/>\ncarbon footprint from the start, through continuous improvements and use of technology.<\/p>\n\t<h1>\n\t\t\t\tCertifications\n\t\t\t<\/h1>\n\t\t\t<p>+<\/p>\t\n\t<h1>\n\t\t\t\tR+D+I\n\t\t\t<\/h1>\n\t\t\t<p>+<\/p>\t\n\t<p>The technical department of Agr\u00edcola Huillinco, as part of the strategy of continual improvement, has taken on the challenge of maintaining in all properties and items, research, development and innovation; in this way the following topics will remain up-to-date:<\/p>\n<p>We are planting a pistachio varietal orchard. Due to the scarce information in Chile about the productive response of distinct varieties of pistachios, we decided to establish a varietal orchard with six varieties (Kerman, Largacha, Red Aleppo, Sirora, Aelgina, 1 local selection), in addition to testing the pollinators Peter, Criss and Chico and the rootstock UCB 1 (clonal and seeded), PG1, Atlantica. We plan to define the phenology for each variety, for which we have a meteorological station, in addition to their productivity and quality of fruit, as well as which are the best pollinators in each case; additionally we plan to contribute valuable information in relation to the influence of the rootstock in the production of pistachios in Chile.<\/p>\n<p>In hydric efficiency, all our irrigation systems have been designed considering the types of soil and the species as the starting point. We have worked with the hydraulic design of hydraulic engineer Hern\u00e1n Cox, in which the goal is the lowest quantity of energy per hectare possible, including taking advantage of the height differential of irrigation stands, which permits us to irrigate 25 hectares by gravity. Along this line, all our farms have humidity sensors (FDR) which enable us to know the contents of soil humidity in real time through telemetry and the dynamic of our tree\u2019s water demands, with which we can define with great precision the irrigation needs of our farms.<\/p>\n<p>In our walnut plantations, we have 70 hectares planted using the clonal rootstock Vlach, which provides great homogeneity on the farm, which translates in high quality nuts.<\/p>\n<p>All our fields have meteorological stations installed which allows us to currently have daily information about all the climatic parameters relevant to fruit and nut production.<\/p>","protected":false},"excerpt":{"rendered":"<p>Sobre la empresa + Fundada por la familia del R\u00edo Arteaga en octubre del a\u00f1o 2016 como parte de su estrategia para diversificar sus inversiones, de esta manera se decide invertir en la producci\u00f3n de alimentos, definiendo la producci\u00f3n de frutos secos (nueces y pistachos) y fruta fresca de exportaci\u00f3n (cerezas) como formas de diversificar.&hellip;<\/p>","protected":false},"author":1,"featured_media":0,"parent":0,"menu_order":0,"comment_status":"closed","ping_status":"closed","template":"","meta":{"inline_featured_image":false},"_links":{"self":[{"href":"https:\/\/ahui.cl\/en\/wp-json\/wp\/v2\/pages\/17"}],"collection":[{"href":"https:\/\/ahui.cl\/en\/wp-json\/wp\/v2\/pages"}],"about":[{"href":"https:\/\/ahui.cl\/en\/wp-json\/wp\/v2\/types\/page"}],"author":[{"embeddable":true,"href":"https:\/\/ahui.cl\/en\/wp-json\/wp\/v2\/users\/1"}],"replies":[{"embeddable":true,"href":"https:\/\/ahui.cl\/en\/wp-json\/wp\/v2\/comments?post=17"}],"version-history":[{"count":99,"href":"https:\/\/ahui.cl\/en\/wp-json\/wp\/v2\/pages\/17\/revisions"}],"predecessor-version":[{"id":921,"href":"https:\/\/ahui.cl\/en\/wp-json\/wp\/v2\/pages\/17\/revisions\/921"}],"wp:attachment":[{"href":"https:\/\/ahui.cl\/en\/wp-json\/wp\/v2\/media?parent=17"}],"curies":[{"name":"wp","href":"https:\/\/api.w.org\/{rel}","templated":true}]}}