{"id":17,"date":"2020-09-17T22:07:49","date_gmt":"2020-09-18T01:07:49","guid":{"rendered":"https:\/\/ahui.cl\/?page_id=17"},"modified":"2024-01-18T09:13:26","modified_gmt":"2024-01-18T12:13:26","slug":"nosotros","status":"publish","type":"page","link":"https:\/\/ahui.cl\/zh\/nosotros\/","title":{"rendered":"\u5173\u4e8e\u6211\u4eec"},"content":{"rendered":"<h1>\n\t\t\t\t\u516c\u53f8\u7b80\u4ecb\n\t\t\t<\/h1>\n\t\t\t<p>+<\/p>\t\n\t<p>2016\u5e7410\u6708\u7531\u777f\u6b27\u00b7\u963f\u5c14\u7279\u963f\u52a0 \uff08R\u00edo Arteaga\uff09\u5bb6\u65cf\u521b\u5efa\uff0c\u4f5c\u4e3a\u5176\u6295\u8d44\u591a\u6837\u5316\u6218\u7565\u7684\u4e00\u90e8\u5206\uff0c\u4ed6\u4eec\u51b3\u5b9a\u6295\u8d44\u575a\u679c\uff08\u6838\u6843\u548c\u5f00\u5fc3\u679c\uff09\u548c\u51fa\u53e3\u9c9c\u679c\uff08\u6a31\u6843\uff09\u7b49\u591a\u6837\u5316\u7684\u98df\u54c1\u751f\u4ea7\u3002\u4e3a\u4e86\u5b9e\u73b0\u8fd9\u4e00\u65e2\u5b9a\u76ee\u6807\uff0c\u4ed6\u4eec\u5c06\u76ee\u5149\u91cd\u70b9\u653e\u5728\u5bfb\u627e\u667a\u5229\u5728\u6c34\u679c\u751f\u4ea7\u65b9\u9762\u5177\u6709\u660e\u663e\u7ade\u4e89\u4f18\u52bf\u7684\u5730\u533a\uff0c\u7740\u91cd\u4e8e\u6240\u751f\u4ea7\u7684\u6c34\u679c\u7684\u54c1\u8d28\uff0c\u4ee5\u53ca\u76f8\u5bf9\u5317\u534a\u7403\u6c34\u679c\u751f\u4ea7\u56fd\u800c\u8a00\u7684\u53cd\u5b63\u8282\u751f\u4ea7\u3002<\/p>\n<p>2016\u5e74\u5e95\uff0c\u4ed6\u4eec\u8d2d\u4e70\u4e86\u7b2c\u4e00\u5904\u4e0d\u52a8\u4ea7\uff0c\u540d\u4e3a\u5361\u8428\u65af\u00b7 \u5fb7\u00b7\u666e\u5b89\u683c\u5e84\u56ed\uff08Fundo Casas de Puangue\uff09\uff0c\u5360\u5730\u9762\u79ef165\u516c\u9877\uff1b2017\u5e74\u53c8\u8d2d\u4e70\u4e86\u4e24\u5757\u571f\u5730\uff0c\u540d\u4e3a\u5e03\u5c14\u5854\u65af\u00b7\u5361\u52d2\u62c9\u8fbe\u65af\u5e84\u56ed\uff08Fundo Puertas Coloradas\uff09\uff0c\u5360\u573064\u516c\u9877\uff0c\u4ee5\u53ca\u62c9\u7ef4\u52a0\u5e84\u56ed\uff08Fundo La Vega\uff09\uff0c\u5360\u573089\u516c\u9877\uff1b2019\u5e74\u671f\u95f4\uff0c\u5e03\u5c14\u5854\u65af\u00b7\u5361\u52d2\u62c9\u8fbe\u65af\u5e84\u56ed\u7684\u9762\u79ef\u589e\u52a0\u4e8642\u516c\u9877\uff1b2020\u5e74\u521d\uff0c\u5176\u4e0d\u52a8\u4ea7\u7684\u540d\u5355\u4e0a\u53c8\u6dfb\u4e0a\u4e86\u62c9\u9a6c\u8fea\u4e9a\u5e84\u56ed\uff08Fundo Ramadilla\uff09\uff0c\u5360\u5730\u9762\u79ef128\u516c\u9877\uff0c\u4f4d\u4e8e\u963f\u5854\u5361\u9a6c\u5730\u533a\u7684\u963f\u5c14\u6258\u00b7\u5fb7\u5c14\u00b7\u5361\u95e8\u9547\u4e0a\u3002\u56e0\u6b64\uff0c\u76ee\u524d\u60e0\u6797\u79d1\u519c\u4e1a\u516c\u53f8\u4e00\u5171\u62e5\u6709488\u516c\u9877\u571f\u5730\u3002<\/p>\n\t\t\t\t\t\t\t<p>2016<\/p>\n\t\t\t\t\t\t\t<p><strong>165 ha<\/strong> Casas de Puangue<\/p>\t\t\t\t\t\t\t\t\t\t\t\t\t\n\t\t\t\t\t\t\t<p>2017<\/p>\n\t\t\t\t\t\t\t<p><strong>64 ha<\/strong> Puertas Coloradas<br \/><strong>89 ha<\/strong> La Vega<\/p>\t\t\t\t\t\t\t\t\t\t\t\t\t\n\t\t\t\t\t\t\t<p>2019<\/p>\n\t\t\t\t\t\t\t<p><strong>+42(106) ha<\/strong> Puertas Coloradas<\/p>\n\t\t\t\t\t\t\t<p>2020<\/p>\n\t\t\t\t\t\t\t<p><strong>128 ha<\/strong> Ramadilla<\/p>\t\t\t\t\t\t\t\t\t\t\t\t\t\n\t<p>\u5171488\u516c\u9877<\/p>\n<h4>\n\t\t\u5e84\u56ed\n\t<\/h4>\n<h4>\n\t\t\u79cd\u7c7b\n\t<\/h4>\n<h4>\n\t\t\u51c0\u516c\u9877\n\t<\/h4>\n\t\t\t\t<a href=\"https:\/\/ahui.cl\/zh\/los-campos\/casas-de-puangue\/\" target=\"_self\" itemprop=\"url\" rel=\"noopener\">\n\t\t\t\t<img loading=\"lazy\" src=\"https:\/\/ahui.cl\/wp-content\/uploads\/2020\/09\/location-image.svg\" alt=\"location-image\" itemprop=\"image\" height=\"157\" width=\"108\" title=\"location-image\" onerror=\"this.style.display='none'\"  \/>\n\t\t\t\t<\/a>\n\t<a href=\"https:\/\/ahui.cl\/zh\/los-campos\/casas-de-puangue\/\">Casas de<br \/>\nPuangue <\/a>\n\t\t\t\t<img loading=\"lazy\" src=\"https:\/\/ahui.cl\/wp-content\/uploads\/2020\/09\/nogal-image.svg\" alt=\"Nuez\" itemprop=\"image\" height=\"151\" width=\"172\" title=\"nogal-image\" onerror=\"this.style.display='none'\"  \/>\n\t<p>\u6838\u6843<\/p>\n\t\t\t\t<img loading=\"lazy\" src=\"https:\/\/ahui.cl\/wp-content\/uploads\/2020\/09\/Hectare-img.svg\" alt=\"146,74\" itemprop=\"image\" height=\"150\" width=\"117\" title=\"Hectare-img\" onerror=\"this.style.display='none'\"  \/>\n\t<p>147 ha<\/p>\n\t\t\t\t<a href=\"https:\/\/ahui.cl\/zh\/los-campos\/puertas-coloradas\/\" target=\"_self\" itemprop=\"url\" rel=\"noopener\">\n\t\t\t\t<img loading=\"lazy\" src=\"https:\/\/ahui.cl\/wp-content\/uploads\/2020\/09\/location-image.svg\" alt=\"location-image\" itemprop=\"image\" height=\"157\" width=\"108\" title=\"location-image\" onerror=\"this.style.display='none'\"  \/>\n\t\t\t\t<\/a>\n\t<p><a href=\"https:\/\/ahui.cl\/zh\/los-campos\/puertas-coloradas\/\">Puertas <br \/> Coloradas<\/a><\/p>\n\t\t\t\t<img loading=\"lazy\" src=\"https:\/\/ahui.cl\/wp-content\/uploads\/2020\/09\/nogal-image.svg\" alt=\"Nuez\" itemprop=\"image\" height=\"151\" width=\"172\" title=\"nogal-image\" onerror=\"this.style.display='none'\"  \/>\n\t<p>\u6838\u6843<\/p>\n\t\t\t\t<img loading=\"lazy\" src=\"https:\/\/ahui.cl\/wp-content\/uploads\/2020\/09\/cherrys-img.svg\" alt=\"cherrys-img\" itemprop=\"image\" height=\"150\" width=\"112\" title=\"cherrys-img\" onerror=\"this.style.display='none'\"  \/>\n\t<p>\u6a31\u6843\u6811<\/p>\n\t\t\t\t<img loading=\"lazy\" src=\"https:\/\/ahui.cl\/wp-content\/uploads\/2020\/09\/Hectare-img.svg\" alt=\"146,74\" itemprop=\"image\" height=\"150\" width=\"117\" title=\"Hectare-img\" onerror=\"this.style.display='none'\"  \/>\n\t<p>55 ha<\/p>\n\t\t\t\t<img loading=\"lazy\" src=\"https:\/\/ahui.cl\/wp-content\/uploads\/2020\/09\/Hectare-img.svg\" alt=\"146,74\" itemprop=\"image\" height=\"150\" width=\"117\" title=\"Hectare-img\" onerror=\"this.style.display='none'\"  \/>\n\t<p>36 ha<\/p>\n\t\t\t\t<a href=\"https:\/\/ahui.cl\/zh\/los-campos\/la-vega\/\" target=\"_self\" itemprop=\"url\" rel=\"noopener\">\n\t\t\t\t<img loading=\"lazy\" src=\"https:\/\/ahui.cl\/wp-content\/uploads\/2020\/09\/location-image.svg\" alt=\"location-image\" itemprop=\"image\" height=\"157\" width=\"108\" title=\"location-image\" onerror=\"this.style.display='none'\"  \/>\n\t\t\t\t<\/a>\n\t<p><a href=\"https:\/\/ahui.cl\/zh\/los-campos\/la-vega\/\">La Vega<\/a><\/p>\n\t\t\t\t<img loading=\"lazy\" src=\"https:\/\/ahui.cl\/wp-content\/uploads\/2020\/09\/nogal-image.svg\" alt=\"Nuez\" itemprop=\"image\" height=\"151\" width=\"172\" title=\"nogal-image\" onerror=\"this.style.display='none'\"  \/>\n\t<p>\u6838\u6843<\/p>\n\t\t\t\t<img loading=\"lazy\" src=\"https:\/\/ahui.cl\/wp-content\/uploads\/2020\/09\/pistachos-img.svg\" alt=\"pistachos-img\" itemprop=\"image\" height=\"139\" width=\"148\" title=\"pistachos-img\" onerror=\"this.style.display='none'\"  \/>\n\t<p>\u5f00\u5fc3\u679c<\/p>\n\t\t\t\t<img loading=\"lazy\" src=\"https:\/\/ahui.cl\/wp-content\/uploads\/2020\/09\/Hectare-img.svg\" alt=\"146,74\" itemprop=\"image\" height=\"150\" width=\"117\" title=\"Hectare-img\" onerror=\"this.style.display='none'\"  \/>\n\t<p>48 ha<\/p>\n\t\t\t\t<img loading=\"lazy\" src=\"https:\/\/ahui.cl\/wp-content\/uploads\/2020\/09\/Hectare-img.svg\" alt=\"146,74\" itemprop=\"image\" height=\"150\" width=\"117\" title=\"Hectare-img\" onerror=\"this.style.display='none'\"  \/>\n\t<p>30 ha<\/p>\n\t\t\t\t<a href=\"https:\/\/ahui.cl\/zh\/los-campos\/ramadilla\/\" target=\"_self\" itemprop=\"url\" rel=\"noopener\">\n\t\t\t\t<img loading=\"lazy\" src=\"https:\/\/ahui.cl\/wp-content\/uploads\/2020\/09\/location-image.svg\" alt=\"location-image\" itemprop=\"image\" height=\"157\" width=\"108\" title=\"location-image\" onerror=\"this.style.display='none'\"  \/>\n\t\t\t\t<\/a>\n\t<p><a href=\"https:\/\/ahui.cl\/zh\/los-campos\/ramadilla\/\">Ramadilla<\/a><\/p>\n\t\t\t\t<img loading=\"lazy\" src=\"https:\/\/ahui.cl\/wp-content\/uploads\/2020\/09\/clementinas-img.svg\" alt=\"clementinas-img\" itemprop=\"image\" height=\"300\" width=\"272\" title=\"clementinas-img\" onerror=\"this.style.display='none'\"  \/>\n\t<p>\u514b\u91cc\u8fc8\u4e01\u7ea2\u6854<\/p>\n\t\t\t\t<img loading=\"lazy\" src=\"https:\/\/ahui.cl\/wp-content\/uploads\/2020\/09\/naranjas-img.svg\" alt=\"naranjas-img\" itemprop=\"image\" height=\"300\" width=\"288\" title=\"naranjas-img\" onerror=\"this.style.display='none'\"  \/>\n\t<p>\u6a59<\/p>\n\t\t\t\t<img loading=\"lazy\" src=\"https:\/\/ahui.cl\/wp-content\/uploads\/2020\/09\/Hectare-img.svg\" alt=\"146,74\" itemprop=\"image\" height=\"150\" width=\"117\" title=\"Hectare-img\" onerror=\"this.style.display='none'\"  \/>\n\t<p>75 ha<\/p>\n\t\t\t\t<img loading=\"lazy\" src=\"https:\/\/ahui.cl\/wp-content\/uploads\/2020\/09\/Hectare-img.svg\" alt=\"146,74\" itemprop=\"image\" height=\"150\" width=\"117\" title=\"Hectare-img\" onerror=\"this.style.display='none'\"  \/>\n\t<p>25 ha<\/p>\n\t<h1>\n\t\t\t\t\u6211\u4eec\u7684\u76ee\u6807\n\t\t\t<\/h1>\n\t\t\t<p>+<\/p>\t\n\t<p><strong>\u751f\u4ea7\u5065\u5eb7\u98df\u54c1<\/strong> \u4e3a\u4e16\u754c\u5404\u5730\u6210\u5343\u4e0a\u4e07\u7684\u4eba\u63d0\u4f9b\u5065\u5eb7\u5feb\u4e50\u7684\u751f\u6d3b\uff0c\u59cb\u7ec8\u4e0e\u6211\u4eec\u6240\u6709\u5408\u4f5c\u8005\u7684\u798f\u7949\u3001\u793e\u533a\u548c\u5bf9\u73af\u5883\u7684\u5c0a\u91cd\u643a\u624b\u5e76\u8fdb\u3002\u901a\u8fc7\u6301\u7eed\u6539\u8fdb\u548c\u4f7f\u7528\u6280\u672f\uff0c\u4ece\u6e90\u5934\u751f\u4ea7\u4f4e\u78b3\u548c\u4f4e\u6c34\u8db3\u8ff9\u7684\u4ea7\u54c1\u3002<\/p>\n\t<h1>\n\t\t\t\t\u8bc1\u4e66\n\t\t\t<\/h1>\n\t\t\t<p>+<\/p>\t\n\t<h1>\n\t\t\t\t\u7814\u53d1\u4e0e\u521b\u65b0\n\t\t\t<\/h1>\n\t\t\t<p>+<\/p>\t\n\t<p>\u60e0\u6797\u79d1\u519c\u4e1a\u516c\u53f8\u7684\u6280\u672f\u90e8\u95e8\u4f5c\u4e3a\u6301\u7eed\u6539\u8fdb\u6218\u7565\u7684\u4e00\u90e8\u5206\uff0c\u5236\u5b9a\u4e86\u5728\u6240\u6709\u519c\u573a\u53ca\u9886\u57df\u8303\u56f4\u5185\u4fdd\u6301\u8fdb\u884c\u7814\u53d1\u4e0e\u521b\u65b0\u6d3b\u52a8\u7684\u6311\u6218\uff1b\u901a\u8fc7\u8fd9\u79cd\u65b9\u5f0f\uff0c\u76ee\u524d\u4fdd\u7559\u4ee5\u4e0b\u4e3b\u9898\uff1a<\/p>\n<p>\u6211\u4eec\u5efa\u7acb\u4e86\u4e00\u4e2a\u5f00\u5fc3\u679c\u54c1\u79cd\u679c\u56ed\uff0c\u7531\u4e8e\u667a\u5229\u7f3a\u5c11\u5f00\u5fc3\u679c\u4e0d\u540c\u54c1\u79cd\u7684\u751f\u4ea7\u4fe1\u606f\uff0c\u6211\u4eec\u51b3\u5b9a\u5efa\u7acb\u4e00\u4e2a\u5f00\u5fc3\u679c\u54c1\u79cd\u679c\u56ed\uff0c\u56ca\u62ec\u4e866\u4e2a\u5f00\u5fc3\u679c\u54c1\u79cd\uff1a\u514b\u5c14\u66fc\u3001\u62c9\u5c14\u52a0\u67e5\u3001\u7ea2\u963f\u52d2\u9887\u3001\u8428\u745e\u4e50\u3001\u57c3\u4f0a\u7eb3\u4ee5\u53ca\u4e00\u4e2a\u5f53\u5730\u9009\u79cd\uff1b\u6b64\u5916\u8fd8\u6709\u6d4b\u8bd5\u6388\u7c89\u6811\uff0c\u5982\u5f7c\u5f97\u3001\u514b\u91cc\u65af\u53ca\u5951\u79d1\u7b49\u54c1\u79cd\uff0c\u4ee5\u53caUCB1 (\u514b\u9686\u548c\u79cd\u5b50)\uff0cPG1\uff0c\u4e9a\u7279\u5170\u8482\u65af\u7b49\u7827\u6728\u3002\u6211\u4eec\u5e0c\u671b\u786e\u5b9a\u6bcf\u4e2a\u54c1\u79cd\u7684\u7269\u5019\u3001\u5176\u751f\u4ea7\u529b\u548c\u679c\u5b9e\u54c1\u8d28\uff0c\u4ee5\u53ca\u6bcf\u4e2a\u54c1\u79cd\u7684\u6700\u4f73\u6388\u7c89\u6811\uff0c\u4e3a\u6b64\u6211\u4eec\u6709\u4e2a\u6c14\u8c61\u7ad9\u89c2\u6d4b\u76f8\u5173\u6570\u636e\uff1b\u6b64\u5916\uff0c\u6211\u4eec\u671f\u5f85\u53ef\u63d0\u4f9b\u7827\u6728\u5bf9\u667a\u5229\u5f00\u5fc3\u679c\u751f\u4ea7\u5f71\u54cd\u7684\u76f8\u5173\u5b9d\u8d35\u4fe1\u606f\u3002<\/p>\n<p>\u5728\u7528\u6c34\u6548\u7387\u65b9\u9762\uff0c\u6211\u4eec\u6240\u6709\u7684\u704c\u6e89\u7cfb\u7edf\u5728\u8bbe\u8ba1\u65f6\u90fd\u4ee5\u571f\u58e4\u7c7b\u578b\u548c\u7269\u79cd\u4e3a\u51fa\u53d1\u70b9\u3002\u6211\u4eec\u4e0e\u6c34\u529b\u5de5\u7a0b\u5e08\u8d6b\u5c14\u5357\u00b7 \u8003\u514b\u65af\u5408\u4f5c\u6c34\u529b\u8bbe\u8ba1\uff0c\u529b\u6c42\u5c3d\u53ef\u80fd\u51cf\u5c11\u6bcf\u516c\u9877\u7684\u80fd\u91cf\u6d88\u8017\uff0c\u751a\u81f3\u5229\u7528\u4e86\u704c\u6e89\u623f\u7684\u9ad8\u5ea6\u5dee\uff0c\u76ee\u524d\u6211\u4eec\u53ef\u4ee5\u901a\u8fc7\u91cd\u529b\u704c\u6e8925\u516c\u9877\u3002\u6309\u7167\u540c\u6837\u7684\u601d\u8def\uff0c\u6211\u4eec\u6240\u6709\u7684\u519c\u573a\u90fd\u6709\u6c34\u5206\u4f20\u611f\u5668\uff08FDR\uff09\uff0c\u8fd9\u4f7f\u6211\u4eec\u80fd\u591f\u901a\u8fc7\u9065\u6d4b\u6280\u672f\u5b9e\u65f6\u4e86\u89e3\u571f\u58e4\u7684\u542b\u6c34\u91cf\u548c\u6811\u6728\u7684\u9700\u6c34\u91cf\u52a8\u6001\uff0c\u4ece\u800c\u80fd\u591f\u975e\u5e38\u7cbe\u786e\u5730\u786e\u5b9a\u6211\u4eec\u679c\u56ed\u7684\u704c\u6e89\u9700\u6c42\u3002<\/p>\n<p>\u5728\u6211\u4eec\u7684\u6838\u6843\u79cd\u690d\u56ed\u4e2d\uff0c\u6211\u4eec\u670970\u516c\u9877\u7684\u571f\u5730\u4f7f\u7528\u5a01\u96f7\u6c60(Vlach)\u514b\u9686\u7827\u6728\u79cd\u690d\uff0c\u8fd9\u5c06\u4f7f\u6211\u4eec\u7684\u679c\u56ed\u4e00\u81f4\u6027\u975e\u5e38\u9ad8\uff0c\u4ece\u800c\u83b7\u5f97\u9ad8\u54c1\u8d28\u7684\u6838\u6843<\/p>\n<p>\u6211\u4eec\u6240\u6709\u7684\u679c\u56ed\u90fd\u914d\u5907\u4e86\u6c14\u8c61\u7ad9\uff0c\u56e0\u6b64\u6211\u4eec\u6bcf\u5929\u90fd\u80fd\u638c\u63e1\u4e0e\u6c34\u679c\u751f\u4ea7\u76f8\u5173\u7684\u6240\u6709\u6c14\u5019\u53c2\u6570\u4fe1\u606f\u3002<\/p>","protected":false},"excerpt":{"rendered":"<p>Sobre la empresa + Fundada por la familia del R\u00edo Arteaga en octubre del a\u00f1o 2016 como parte de su estrategia para diversificar sus inversiones, de esta manera se decide invertir en la producci\u00f3n de alimentos, definiendo la producci\u00f3n de frutos secos (nueces y pistachos) y fruta fresca de exportaci\u00f3n (cerezas) como formas de diversificar.&hellip;<\/p>","protected":false},"author":1,"featured_media":0,"parent":0,"menu_order":0,"comment_status":"closed","ping_status":"closed","template":"","meta":{"inline_featured_image":false},"_links":{"self":[{"href":"https:\/\/ahui.cl\/zh\/wp-json\/wp\/v2\/pages\/17"}],"collection":[{"href":"https:\/\/ahui.cl\/zh\/wp-json\/wp\/v2\/pages"}],"about":[{"href":"https:\/\/ahui.cl\/zh\/wp-json\/wp\/v2\/types\/page"}],"author":[{"embeddable":true,"href":"https:\/\/ahui.cl\/zh\/wp-json\/wp\/v2\/users\/1"}],"replies":[{"embeddable":true,"href":"https:\/\/ahui.cl\/zh\/wp-json\/wp\/v2\/comments?post=17"}],"version-history":[{"count":99,"href":"https:\/\/ahui.cl\/zh\/wp-json\/wp\/v2\/pages\/17\/revisions"}],"predecessor-version":[{"id":921,"href":"https:\/\/ahui.cl\/zh\/wp-json\/wp\/v2\/pages\/17\/revisions\/921"}],"wp:attachment":[{"href":"https:\/\/ahui.cl\/zh\/wp-json\/wp\/v2\/media?parent=17"}],"curies":[{"name":"wp","href":"https:\/\/api.w.org\/{rel}","templated":true}]}}